{"id":57,"date":"2026-01-06T19:23:17","date_gmt":"2026-01-06T19:23:17","guid":{"rendered":"https:\/\/ocstagepro.com\/home\/"},"modified":"2026-01-06T23:06:38","modified_gmt":"2026-01-06T23:06:38","slug":"home","status":"publish","type":"page","link":"https:\/\/ocstagepro.com\/es\/","title":{"rendered":"Inicio"},"content":{"rendered":"<div data-elementor-type=\"wp-page\" data-elementor-id=\"57\" class=\"elementor elementor-57\">\n\t\t\t\t<div class=\"elementor-element elementor-element-3eab6e7 e-con-full e-flex e-con e-parent\" data-id=\"3eab6e7\" data-element_type=\"container\">\n\t\t\t\t<div class=\"elementor-element elementor-element-90cd9fc elementor-widget__width-inherit elementor-widget elementor-widget-shortcode\" data-id=\"90cd9fc\" data-element_type=\"widget\" data-widget_type=\"shortcode.default\">\n\t\t\t\t\t\t\t<div class=\"elementor-shortcode\"><div id=\"metaslider-id-100\" style=\"width: 100%;\" class=\"ml-slider-3-104-0 metaslider metaslider-flex metaslider-100 ml-slider has-dots-nav ms-theme-default-base\" role=\"region\" aria-label=\"New Slideshow\" data-height=\"800\" data-width=\"2000\">\n    <div id=\"metaslider_container_100\">\n        <div id=\"metaslider_100\">\n            <ul aria-live='off' class='slides'>\n                <li style=\"display: block; width: 100%;\" class=\"slide-101 ms-image\" aria-roledescription=\"slide\" data-date=\"2026-01-06 21:30:59\" data-filename=\"H0fab230de482445ab6c1dcbab42a4431f.jpg\" data-slide-type=\"image\"><img fetchpriority=\"high\" decoding=\"async\" src=\"https:\/\/ocstagepro.com\/wp-content\/uploads\/2026\/01\/H0fab230de482445ab6c1dcbab42a4431f.jpg\" height=\"800\" width=\"2000\" alt=\"\" class=\"slider-100 slide-101 msDefaultImage\" title=\"H0fab230de482445ab6c1dcbab42a4431f\" \/><\/li>\n                <li style=\"display: none; width: 100%;\" class=\"slide-102 ms-image\" aria-roledescription=\"slide\" data-date=\"2026-01-06 21:30:59\" data-filename=\"H004cf20b3b5e4485ada7b727dc3794b0R.jpg\" data-slide-type=\"image\"><img decoding=\"async\" src=\"https:\/\/ocstagepro.com\/wp-content\/uploads\/2026\/01\/H004cf20b3b5e4485ada7b727dc3794b0R.jpg\" height=\"800\" width=\"2000\" alt=\"\" class=\"slider-100 slide-102 msDefaultImage\" title=\"H004cf20b3b5e4485ada7b727dc3794b0R\" \/><\/li>\n                <li style=\"display: none; width: 100%;\" class=\"slide-103 ms-image\" aria-roledescription=\"slide\" data-date=\"2026-01-06 21:30:59\" data-filename=\"\u79c1\u6a21\u56fe\uff08\u6682\u4e0d\u5b9c\u4f7f\u7528\uff09-1622x649.jpg\" data-slide-type=\"image\"><img decoding=\"async\" src=\"https:\/\/ocstagepro.com\/wp-content\/uploads\/2026\/01\/\u79c1\u6a21\u56fe\uff08\u6682\u4e0d\u5b9c\u4f7f\u7528\uff09-1622x649.jpg\" height=\"800\" width=\"2000\" alt=\"\" class=\"slider-100 slide-103 msDefaultImage\" title=\"\u79c1\u6a21\u56fe\uff08\u6682\u4e0d\u5b9c\u4f7f\u7528\uff09\" \/><\/li>\n                <li style=\"display: none; width: 100%;\" class=\"slide-109 ms-image\" aria-roledescription=\"slide\" data-date=\"2026-01-06 21:43:36\" data-filename=\"H3c74c095c6b3467587ee4df8651d899cf-1622x649.jpg\" data-slide-type=\"image\"><img loading=\"lazy\" decoding=\"async\" src=\"https:\/\/ocstagepro.com\/wp-content\/uploads\/2026\/01\/H3c74c095c6b3467587ee4df8651d899cf-1622x649.jpg\" height=\"800\" width=\"2000\" alt=\"\" class=\"slider-100 slide-109 msDefaultImage\" title=\"H3c74c095c6b3467587ee4df8651d899cf\" \/><\/li>\n                <li style=\"display: none; width: 100%;\" class=\"slide-110 ms-image\" aria-roledescription=\"slide\" data-date=\"2026-01-06 21:43:36\" data-filename=\"He89e0014034e4547adbf7c4762817e11Z-1622x649.jpg\" data-slide-type=\"image\"><img loading=\"lazy\" decoding=\"async\" src=\"https:\/\/ocstagepro.com\/wp-content\/uploads\/2026\/01\/He89e0014034e4547adbf7c4762817e11Z-1622x649.jpg\" height=\"800\" width=\"2000\" alt=\"\" class=\"slider-100 slide-110 msDefaultImage\" title=\"He89e0014034e4547adbf7c4762817e11Z\" \/><\/li>\n            <\/ul>\n        <\/div>\n        \n    <\/div>\n<\/div><\/div>\n\t\t\t\t\t\t<\/div>\n\t\t\t\t<\/div>\n\t\t<div class=\"elementor-element elementor-element-c4e039a e-flex e-con-boxed e-con e-parent\" data-id=\"c4e039a\" data-element_type=\"container\">\n\t\t\t\t\t<div class=\"e-con-inner\">\n\t\t<div class=\"elementor-element elementor-element-7f8ef59 e-con-full e-flex e-con e-child\" data-id=\"7f8ef59\" data-element_type=\"container\">\n\t\t\t\t<div class=\"elementor-element elementor-element-c48f21b elementor-widget elementor-widget-video\" data-id=\"c48f21b\" data-element_type=\"widget\" data-settings=\"{&quot;video_type&quot;:&quot;hosted&quot;,&quot;controls&quot;:&quot;yes&quot;}\" data-widget_type=\"video.default\">\n\t\t\t\t\t\t\t<div class=\"e-hosted-video elementor-wrapper elementor-open-inline\">\n\t\t\t\t\t<video class=\"elementor-video\" src=\"https:\/\/ocstagepro.com\/wp-content\/uploads\/2026\/01\/\u5de5\u5382.mp4\" controls=\"\" preload=\"metadata\" controlslist=\"nodownload\"><\/video>\n\t\t\t\t<\/div>\n\t\t\t\t\t\t<\/div>\n\t\t\t\t<\/div>\n\t\t\t\t<div class=\"elementor-element elementor-element-e9874ad elementor-drop-cap-yes elementor-drop-cap-view-default elementor-widget elementor-widget-text-editor\" data-id=\"e9874ad\" data-element_type=\"widget\" data-settings=\"{&quot;drop_cap&quot;:&quot;yes&quot;}\" data-widget_type=\"text-editor.default\">\n\t\t\t\t\t\t\t\t\t<h2><em style=\"font-weight: inherit;\"><strong data-start=\"128\" data-end=\"170\">OCEAN STAGE PRO LIGHTING<\/strong><\/em><\/h2><p><em><strong data-start=\"128\" data-end=\"170\">\u00a0<\/strong><\/em><em style=\"font-size: 1rem;\"><strong data-start=\"128\" data-end=\"170\">\u00a0<\/strong><\/em><\/p><h3 data-start=\"128\" data-end=\"425\"><em>Fundada en 2009, somos una f\u00e1brica profesional de iluminaci\u00f3n esc\u00e9nica especializada en el dise\u00f1o y la producci\u00f3n de iluminaci\u00f3n para escenarios y entretenimiento.<\/em><br data-start=\"313\" data-end=\"316\" \/><em>Desde el ensamblaje hasta las pruebas de envejecimiento, todos los procesos se realizan internamente para garantizar una calidad estable para los mercados globales.<\/em><\/h3>\t\t\t\t\t\t\t\t<\/div>\n\t\t\t\t\t<\/div>\n\t\t\t\t<\/div>\n\t\t<div class=\"elementor-element elementor-element-d4fdd7e e-con-full e-flex e-con e-parent\" data-id=\"d4fdd7e\" data-element_type=\"container\">\n\t\t<div class=\"elementor-element elementor-element-a8a0e30 e-con-full e-flex e-con e-child\" data-id=\"a8a0e30\" data-element_type=\"container\">\n\t\t\t\t<div class=\"elementor-element elementor-element-34516db hostinger-ai-title elementor-widget elementor-widget-heading\" data-id=\"34516db\" data-element_type=\"widget\" data-widget_type=\"heading.default\">\n\t\t\t\t\t<h2 class=\"elementor-heading-title elementor-size-default\">Nuestras Luces<\/h2>\t\t\t\t<\/div>\n\t\t<div class=\"elementor-element elementor-element-ef07334 e-grid e-con-full e-con e-child\" data-id=\"ef07334\" data-element_type=\"container\">\n\t\t<div class=\"elementor-element elementor-element-dfe1581 e-con-full e-flex e-con e-child\" data-id=\"dfe1581\" data-element_type=\"container\">\n\t\t\t\t<div class=\"elementor-element elementor-element-4c1eef3 hostinger-ai-service-image elementor-widget__width-initial elementor-widget elementor-widget-image\" data-id=\"4c1eef3\" data-element_type=\"widget\" data-widget_type=\"image.default\">\n\t\t\t\t\t\t\t\t\t\t\t\t\t\t\t<img loading=\"lazy\" decoding=\"async\" width=\"250\" height=\"356\" src=\"https:\/\/ocstagepro.com\/wp-content\/uploads\/2026\/01\/ad35547c609aad9d1deb541f5ae887ee-e1767739250958.png\" class=\"attachment-full size-full wp-image-120\" alt=\"\" \/>\t\t\t\t\t\t\t\t\t\t\t\t\t\t\t<\/div>\n\t\t\t\t<div class=\"elementor-element elementor-element-cefe350 hostinger-ai-service-description elementor-widget elementor-widget-text-editor\" data-id=\"cefe350\" data-element_type=\"widget\" data-widget_type=\"text-editor.default\">\n\t\t\t\t\t\t\t\t\tCabezas m\u00f3viles de alta precisi\u00f3n dise\u00f1adas para efectos esc\u00e9nicos din\u00e1micos.\t\t\t\t\t\t\t\t<\/div>\n\t\t\t\t<\/div>\n\t\t<div class=\"elementor-element elementor-element-30020de e-con-full e-flex e-con e-child\" data-id=\"30020de\" data-element_type=\"container\">\n\t\t\t\t<div class=\"elementor-element elementor-element-88c0601 hostinger-ai-service-image hostinger-index-1 elementor-widget__width-initial elementor-widget elementor-widget-image\" data-id=\"88c0601\" data-element_type=\"widget\" data-widget_type=\"image.default\">\n\t\t\t\t\t\t\t\t\t\t\t\t\t\t\t<img loading=\"lazy\" decoding=\"async\" width=\"1170\" height=\"1380\" src=\"https:\/\/ocstagepro.com\/wp-content\/uploads\/2026\/01\/33bf45458af8aec9b98e1bbd65d828a4.png\" class=\"attachment-2048x2048 size-2048x2048 wp-image-121\" alt=\"\" srcset=\"https:\/\/ocstagepro.com\/wp-content\/uploads\/2026\/01\/33bf45458af8aec9b98e1bbd65d828a4.png 1170w, https:\/\/ocstagepro.com\/wp-content\/uploads\/2026\/01\/33bf45458af8aec9b98e1bbd65d828a4-254x300.png 254w, https:\/\/ocstagepro.com\/wp-content\/uploads\/2026\/01\/33bf45458af8aec9b98e1bbd65d828a4-868x1024.png 868w, https:\/\/ocstagepro.com\/wp-content\/uploads\/2026\/01\/33bf45458af8aec9b98e1bbd65d828a4-768x906.png 768w\" sizes=\"(max-width: 1170px) 100vw, 1170px\" \/>\t\t\t\t\t\t\t\t\t\t\t\t\t\t\t<\/div>\n\t\t\t\t<div class=\"elementor-element elementor-element-49406fe hostinger-ai-service-description hostinger-index-1 elementor-widget elementor-widget-text-editor\" data-id=\"49406fe\" data-element_type=\"widget\" data-widget_type=\"text-editor.default\">\n\t\t\t\t\t\t\t\t\t<p><span style=\"font-style: inherit; font-weight: inherit;\">Luces wash brillantes que llenan los espacios con colores suaves y vibrantes.<\/span><\/p>\t\t\t\t\t\t\t\t<\/div>\n\t\t\t\t<\/div>\n\t\t<div class=\"elementor-element elementor-element-dabc39e e-con-full e-flex e-con e-child\" data-id=\"dabc39e\" data-element_type=\"container\">\n\t\t\t\t<div class=\"elementor-element elementor-element-e2d2024 hostinger-ai-service-image hostinger-index-2 elementor-widget__width-initial elementor-widget elementor-widget-image\" data-id=\"e2d2024\" data-element_type=\"widget\" data-widget_type=\"image.default\">\n\t\t\t\t\t\t\t\t\t\t\t\t\t\t\t<img loading=\"lazy\" decoding=\"async\" width=\"800\" height=\"800\" src=\"https:\/\/ocstagepro.com\/wp-content\/uploads\/2026\/01\/H014e944a083e434dbc2dc7d395e575d5w.jpg_960x960.webp\" class=\"attachment-full size-full wp-image-126\" alt=\"\" srcset=\"https:\/\/ocstagepro.com\/wp-content\/uploads\/2026\/01\/H014e944a083e434dbc2dc7d395e575d5w.jpg_960x960.webp 800w, https:\/\/ocstagepro.com\/wp-content\/uploads\/2026\/01\/H014e944a083e434dbc2dc7d395e575d5w.jpg_960x960-300x300.webp 300w, https:\/\/ocstagepro.com\/wp-content\/uploads\/2026\/01\/H014e944a083e434dbc2dc7d395e575d5w.jpg_960x960-150x150.webp 150w, https:\/\/ocstagepro.com\/wp-content\/uploads\/2026\/01\/H014e944a083e434dbc2dc7d395e575d5w.jpg_960x960-768x768.webp 768w\" sizes=\"(max-width: 800px) 100vw, 800px\" \/>\t\t\t\t\t\t\t\t\t\t\t\t\t\t\t<\/div>\n\t\t\t\t<div class=\"elementor-element elementor-element-f9fc8b8 hostinger-ai-service-description hostinger-index-1 elementor-widget elementor-widget-text-editor\" data-id=\"f9fc8b8\" data-element_type=\"widget\" data-widget_type=\"text-editor.default\">\n\t\t\t\t\t\t\t\t\tLuces wash brillantes que llenan los espacios con colores suaves y vibrantes.\t\t\t\t\t\t\t\t<\/div>\n\t\t\t\t<\/div>\n\t\t\t\t<\/div>\n\t\t\t\t<\/div>\n\t\t\t\t<\/div>\n\t\t<div class=\"elementor-element elementor-element-ba864a0 e-flex e-con-boxed e-con e-parent\" data-id=\"ba864a0\" data-element_type=\"container\">\n\t\t\t\t\t<div class=\"e-con-inner\">\n\t\t<div class=\"elementor-element elementor-element-d265e54 e-con-full e-flex e-con e-child\" data-id=\"d265e54\" data-element_type=\"container\">\n\t\t\t\t<div class=\"elementor-element elementor-element-1e0002e is-style-default hostinger-ai-title elementor-widget elementor-widget-heading\" data-id=\"1e0002e\" data-element_type=\"widget\" data-widget_type=\"heading.default\">\n\t\t\t\t\t<h2 class=\"elementor-heading-title elementor-size-default\">Iluminaci\u00f3n para Conciertos<\/h2>\t\t\t\t<\/div>\n\t\t\t\t<\/div>\n\t\t<div class=\"elementor-element elementor-element-0fb8b56 e-con-full e-flex e-con e-child\" data-id=\"0fb8b56\" data-element_type=\"container\">\n\t\t<div class=\"elementor-element elementor-element-0d4a178 e-con-full e-grid e-con e-child\" data-id=\"0d4a178\" data-element_type=\"container\">\n\t\t<div class=\"elementor-element elementor-element-cacba3b e-flex e-con-boxed e-con e-child\" data-id=\"cacba3b\" data-element_type=\"container\">\n\t\t\t\t\t<div class=\"e-con-inner\">\n\t\t\t\t<div class=\"elementor-element elementor-element-cbcd7a1 hostinger-ai-project-image hostinger-index-10 elementor-widget__width-initial elementor-widget elementor-widget-image\" data-id=\"cbcd7a1\" data-element_type=\"widget\" data-widget_type=\"image.default\">\n\t\t\t\t\t\t\t\t\t\t\t\t\t\t\t<img loading=\"lazy\" decoding=\"async\" width=\"800\" height=\"800\" src=\"https:\/\/ocstagepro.com\/wp-content\/uploads\/2026\/01\/H6da738e0c09d47e89ebb98d9dd8bdd66T.jpg_960x960.webp\" class=\"attachment-full size-full wp-image-128\" alt=\"\" srcset=\"https:\/\/ocstagepro.com\/wp-content\/uploads\/2026\/01\/H6da738e0c09d47e89ebb98d9dd8bdd66T.jpg_960x960.webp 800w, https:\/\/ocstagepro.com\/wp-content\/uploads\/2026\/01\/H6da738e0c09d47e89ebb98d9dd8bdd66T.jpg_960x960-300x300.webp 300w, https:\/\/ocstagepro.com\/wp-content\/uploads\/2026\/01\/H6da738e0c09d47e89ebb98d9dd8bdd66T.jpg_960x960-150x150.webp 150w, https:\/\/ocstagepro.com\/wp-content\/uploads\/2026\/01\/H6da738e0c09d47e89ebb98d9dd8bdd66T.jpg_960x960-768x768.webp 768w\" sizes=\"(max-width: 800px) 100vw, 800px\" \/>\t\t\t\t\t\t\t\t\t\t\t\t\t\t\t<\/div>\n\t\t\t\t<div class=\"elementor-element elementor-element-3d9ea27 hostinger-ai-project-title hostinger-ai-font-bold elementor-widget elementor-widget-heading\" data-id=\"3d9ea27\" data-element_type=\"widget\" data-widget_type=\"heading.default\">\n\t\t\t\t\t<p class=\"elementor-heading-title elementor-size-default\">Espect\u00e1culos Teatrales<\/p>\t\t\t\t<\/div>\n\t\t\t\t<div class=\"elementor-element elementor-element-cdef307 hostinger-ai-project-description elementor-widget elementor-widget-text-editor\" data-id=\"cdef307\" data-element_type=\"widget\" data-widget_type=\"text-editor.default\">\n\t\t\t\t\t\t\t\t\tNuestras luces teatrales crean una iluminaci\u00f3n suave y uniforme, ideal para resaltar a los actores y crear la atm\u00f3sfera adecuada en los teatros.\t\t\t\t\t\t\t\t<\/div>\n\t\t\t\t\t<\/div>\n\t\t\t\t<\/div>\n\t\t<div class=\"elementor-element elementor-element-64afe52 e-con-full e-flex e-con e-child\" data-id=\"64afe52\" data-element_type=\"container\">\n\t\t\t\t<div class=\"elementor-element elementor-element-f3c4d8b hostinger-ai-project-image hostinger-index-11 elementor-widget elementor-widget-image\" data-id=\"f3c4d8b\" data-element_type=\"widget\" data-widget_type=\"image.default\">\n\t\t\t\t\t\t\t\t\t\t\t\t\t\t\t<img decoding=\"async\" src=\"https:\/\/images.unsplash.com\/photo-1680157203258-2eacc582262a?q=85&#038;w=625&#038;h=335&#038;fit=crop\" title=\"\" alt=\"An array of bright stage lights beams across a dark arena, creating a dynamic atmosphere with a large screen displaying various logos and text. A camera crane is visible in the foreground, suggesting a professional event setup.\" loading=\"lazy\" \/>\t\t\t\t\t\t\t\t\t\t\t\t\t\t\t<\/div>\n\t\t\t\t<div class=\"elementor-element elementor-element-96787e0 hostinger-ai-project-title hostinger-ai-font-bold hostinger-index-1 elementor-widget elementor-widget-heading\" data-id=\"96787e0\" data-element_type=\"widget\" data-widget_type=\"heading.default\">\n\t\t\t\t\t<p class=\"elementor-heading-title elementor-size-default\">Estudios de Televisi\u00f3n<\/p>\t\t\t\t<\/div>\n\t\t\t\t<div class=\"elementor-element elementor-element-9e0fd9f hostinger-ai-project-description hostinger-index-1 elementor-widget elementor-widget-text-editor\" data-id=\"9e0fd9f\" data-element_type=\"widget\" data-widget_type=\"text-editor.default\">\n\t\t\t\t\t\t\t\t\tLa \u00f3ptica de precisi\u00f3n de nuestras luminarias garantiza una iluminaci\u00f3n clara y brillante, ideal para transmisiones de televisi\u00f3n en alta definici\u00f3n.\t\t\t\t\t\t\t\t<\/div>\n\t\t\t\t<\/div>\n\t\t\t\t<\/div>\n\t\t<div class=\"elementor-element elementor-element-42e1e14 e-con-full e-grid e-con e-child\" data-id=\"42e1e14\" data-element_type=\"container\">\n\t\t<div class=\"elementor-element elementor-element-f5dbc72 e-con-full e-flex e-con e-child\" data-id=\"f5dbc72\" data-element_type=\"container\">\n\t\t\t\t<div class=\"elementor-element elementor-element-0273ea7 hostinger-ai-project-image hostinger-index-12 elementor-widget elementor-widget-image\" data-id=\"0273ea7\" data-element_type=\"widget\" data-widget_type=\"image.default\">\n\t\t\t\t\t\t\t\t\t\t\t\t\t\t\t<img decoding=\"async\" src=\"https:\/\/images.unsplash.com\/photo-1614886203833-e1b391e35452?q=85&#038;w=625&#038;h=335&#038;fit=crop\" title=\"\" alt=\"A professional stage spotlight with a black casing is positioned against a dark background. The spotlight emits a bright, focused beam of light. The model name &#039;MAX-PRO 230&#039; is visible on the side.\" loading=\"lazy\" \/>\t\t\t\t\t\t\t\t\t\t\t\t\t\t\t<\/div>\n\t\t\t\t<div class=\"elementor-element elementor-element-92fe8ec hostinger-ai-project-title hostinger-index-2 hostinger-ai-font-bold elementor-widget elementor-widget-heading\" data-id=\"92fe8ec\" data-element_type=\"widget\" data-widget_type=\"heading.default\">\n\t\t\t\t\t<p class=\"elementor-heading-title elementor-size-default\">Discotecas<\/p>\t\t\t\t<\/div>\n\t\t\t\t<div class=\"elementor-element elementor-element-db67b09 hostinger-ai-project-description hostinger-index-2 elementor-widget elementor-widget-text-editor\" data-id=\"db67b09\" data-element_type=\"widget\" data-widget_type=\"text-editor.default\">\n\t\t\t\t\t\t\t\t\tLas luces beam laten y se mueven al ritmo de la m\u00fasica, creando una atm\u00f3sfera electrizante en discotecas y bares.\t\t\t\t\t\t\t\t<\/div>\n\t\t\t\t<\/div>\n\t\t<div class=\"elementor-element elementor-element-f3b2417 e-con-full e-flex e-con e-child\" data-id=\"f3b2417\" data-element_type=\"container\">\n\t\t\t\t<div class=\"elementor-element elementor-element-9fdbc76 hostinger-ai-project-image hostinger-index-13 elementor-widget elementor-widget-image\" data-id=\"9fdbc76\" data-element_type=\"widget\" data-widget_type=\"image.default\">\n\t\t\t\t\t\t\t\t\t\t\t\t\t\t\t<img decoding=\"async\" src=\"https:\/\/images.unsplash.com\/photo-1629276298823-13b6653d65a5?q=85&#038;w=410&#038;h=335&#038;fit=crop\" title=\"\" alt=\"Stage lighting equipment emits vibrant beams of red and blue light, surrounded by a haze that enhances the dramatic effect. The setup includes overhead structures and cables, typical of a professional lighting rig.\" loading=\"lazy\" \/>\t\t\t\t\t\t\t\t\t\t\t\t\t\t\t<\/div>\n\t\t\t\t<div class=\"elementor-element elementor-element-b6c733b hostinger-ai-project-title hostinger-index-1 hostinger-ai-font-bold hostinger-index-3 elementor-widget elementor-widget-heading\" data-id=\"b6c733b\" data-element_type=\"widget\" data-widget_type=\"heading.default\">\n\t\t\t\t\t<p class=\"elementor-heading-title elementor-size-default\">Estudios de Televisi\u00f3n<\/p>\t\t\t\t<\/div>\n\t\t\t\t<div class=\"elementor-element elementor-element-8dc3794 hostinger-ai-project-description hostinger-index-3 elementor-widget elementor-widget-text-editor\" data-id=\"8dc3794\" data-element_type=\"widget\" data-widget_type=\"text-editor.default\">\n\t\t\t\t\t\t\t\t\tSoluciones de iluminaci\u00f3n duraderas y confiables, dise\u00f1adas para empresas de alquiler que gestionan eventos de gran escala en todo el mundo.\t\t\t\t\t\t\t\t<\/div>\n\t\t\t\t<\/div>\n\t\t\t\t<\/div>\n\t\t\t\t<\/div>\n\t\t\t\t\t<\/div>\n\t\t\t\t<\/div>\n\t\t\t\t<\/div>","protected":false},"excerpt":{"rendered":"<p>https:\/\/ocstagepro.com\/wp-content\/uploads\/2026\/01\/\u5de5\u5382.mp4 OCEAN STAGE PRO LIGHTING \u00a0\u00a0 Founded in 2009, we are a professional stage lighting factory specializing in the design [&hellip;]<\/p>","protected":false},"author":1,"featured_media":0,"parent":0,"menu_order":0,"comment_status":"closed","ping_status":"closed","template":"","meta":{"site-sidebar-layout":"default","site-content-layout":"","ast-site-content-layout":"default","site-content-style":"default","site-sidebar-style":"default","ast-global-header-display":"","ast-banner-title-visibility":"","ast-main-header-display":"","ast-hfb-above-header-display":"","ast-hfb-below-header-display":"","ast-hfb-mobile-header-display":"","site-post-title":"","ast-breadcrumbs-content":"","ast-featured-img":"","footer-sml-layout":"","ast-disable-related-posts":"","theme-transparent-header-meta":"","adv-header-id-meta":"","stick-header-meta":"","header-above-stick-meta":"","header-main-stick-meta":"","header-below-stick-meta":"","astra-migrate-meta-layouts":"default","ast-page-background-enabled":"default","ast-page-background-meta":{"desktop":{"background-color":"var(--ast-global-color-5)","background-image":"","background-repeat":"repeat","background-position":"center center","background-size":"auto","background-attachment":"scroll","background-type":"","background-media":"","overlay-type":"","overlay-color":"","overlay-opacity":"","overlay-gradient":""},"tablet":{"background-color":"","background-image":"","background-repeat":"repeat","background-position":"center center","background-size":"auto","background-attachment":"scroll","background-type":"","background-media":"","overlay-type":"","overlay-color":"","overlay-opacity":"","overlay-gradient":""},"mobile":{"background-color":"","background-image":"","background-repeat":"repeat","background-position":"center center","background-size":"auto","background-attachment":"scroll","background-type":"","background-media":"","overlay-type":"","overlay-color":"","overlay-opacity":"","overlay-gradient":""}},"ast-content-background-meta":{"desktop":{"background-color":"var(--ast-global-color-4)","background-image":"","background-repeat":"repeat","background-position":"center center","background-size":"auto","background-attachment":"scroll","background-type":"","background-media":"","overlay-type":"","overlay-color":"","overlay-opacity":"","overlay-gradient":""},"tablet":{"background-color":"var(--ast-global-color-4)","background-image":"","background-repeat":"repeat","background-position":"center center","background-size":"auto","background-attachment":"scroll","background-type":"","background-media":"","overlay-type":"","overlay-color":"","overlay-opacity":"","overlay-gradient":""},"mobile":{"background-color":"var(--ast-global-color-4)","background-image":"","background-repeat":"repeat","background-position":"center center","background-size":"auto","background-attachment":"scroll","background-type":"","background-media":"","overlay-type":"","overlay-color":"","overlay-opacity":"","overlay-gradient":""}},"footnotes":""},"class_list":["post-57","page","type-page","status-publish","hentry"],"_hostinger_reach_plugin_has_subscription_block":false,"_hostinger_reach_plugin_is_elementor":false,"_links":{"self":[{"href":"https:\/\/ocstagepro.com\/es\/wp-json\/wp\/v2\/pages\/57","targetHints":{"allow":["GET"]}}],"collection":[{"href":"https:\/\/ocstagepro.com\/es\/wp-json\/wp\/v2\/pages"}],"about":[{"href":"https:\/\/ocstagepro.com\/es\/wp-json\/wp\/v2\/types\/page"}],"author":[{"embeddable":true,"href":"https:\/\/ocstagepro.com\/es\/wp-json\/wp\/v2\/users\/1"}],"replies":[{"embeddable":true,"href":"https:\/\/ocstagepro.com\/es\/wp-json\/wp\/v2\/comments?post=57"}],"version-history":[{"count":21,"href":"https:\/\/ocstagepro.com\/es\/wp-json\/wp\/v2\/pages\/57\/revisions"}],"predecessor-version":[{"id":132,"href":"https:\/\/ocstagepro.com\/es\/wp-json\/wp\/v2\/pages\/57\/revisions\/132"}],"wp:attachment":[{"href":"https:\/\/ocstagepro.com\/es\/wp-json\/wp\/v2\/media?parent=57"}],"curies":[{"name":"wp","href":"https:\/\/api.w.org\/{rel}","templated":true}]}}