{"id":59,"date":"2026-01-06T19:23:35","date_gmt":"2026-01-06T19:23:35","guid":{"rendered":"https:\/\/ocstagepro.com\/about\/"},"modified":"2026-01-07T23:36:10","modified_gmt":"2026-01-07T23:36:10","slug":"about","status":"publish","type":"page","link":"https:\/\/ocstagepro.com\/es\/about\/","title":{"rendered":"Acerca de"},"content":{"rendered":"<div data-elementor-type=\"wp-page\" data-elementor-id=\"59\" class=\"elementor elementor-59\">\n\t\t\t\t<div class=\"elementor-element elementor-element-4416749 e-grid hostinger-ai-about-us-3 e-con-boxed e-con e-parent\" data-id=\"4416749\" data-element_type=\"container\">\n\t\t\t\t\t<div class=\"e-con-inner\">\n\t\t<div class=\"elementor-element elementor-element-ac68c9f e-con-full e-flex e-con e-child\" data-id=\"ac68c9f\" data-element_type=\"container\">\n\t\t\t\t<div class=\"elementor-element elementor-element-5dbfd0c hostinger-ai-title elementor-widget elementor-widget-heading\" data-id=\"5dbfd0c\" data-element_type=\"widget\" data-widget_type=\"heading.default\">\n\t\t\t\t\t<h2 class=\"elementor-heading-title elementor-size-default\">Sobre Nosotros<\/h2>\t\t\t\t<\/div>\n\t\t\t\t<div class=\"elementor-element elementor-element-54bca8c hostinger-ai-description elementor-widget elementor-widget-text-editor\" data-id=\"54bca8c\" data-element_type=\"widget\" data-widget_type=\"text-editor.default\">\n\t\t\t\t\t\t\t\t\t<p>Ocean Stage Pro se ha dedicado a la iluminaci\u00f3n esc\u00e9nica profesional desde 2009. Con una amplia experiencia en los mercados de Am\u00e9rica del Sur y Asia, comprendemos los diversos requisitos locales, normas y necesidades de cada proyecto. Desde el desarrollo del producto hasta la inspecci\u00f3n final, se aplica un estricto control de calidad en cada etapa para garantizar un rendimiento estable y una fiabilidad a largo plazo. Estamos comprometidos a ofrecer soluciones de iluminaci\u00f3n confiables y un soporte constante a nuestros socios globales.<\/p>\t\t\t\t\t\t\t\t<\/div>\n\t\t\t\t<div class=\"elementor-element elementor-element-11cd716 hostinger-ai-cta-button hostinger-index-0 elementor-widget elementor-widget-button\" data-id=\"11cd716\" data-element_type=\"widget\" data-widget_type=\"button.default\">\n\t\t\t\t\t\t\t\t\t\t<a class=\"elementor-button elementor-button-link elementor-size-sm\" href=\"https:\/\/ocstagepro.com\/es\/home\/\">\n\t\t\t\t\t\t<span class=\"elementor-button-content-wrapper\">\n\t\t\t\t\t\t\t\t\t<span class=\"elementor-button-text\">M\u00e1s informaci\u00f3n<\/span>\n\t\t\t\t\t<\/span>\n\t\t\t\t\t<\/a>\n\t\t\t\t\t\t\t\t<\/div>\n\t\t\t\t<\/div>\n\t\t<div class=\"elementor-element elementor-element-534449b e-con-full e-grid e-con e-child\" data-id=\"534449b\" data-element_type=\"container\">\n\t\t\t\t<div class=\"elementor-element elementor-element-639dc81 hostinger-ai-image hostinger-index-4 elementor-widget elementor-widget-image\" data-id=\"639dc81\" data-element_type=\"widget\" data-widget_type=\"image.default\">\n\t\t\t\t\t\t\t\t\t\t\t\t\t\t\t<img fetchpriority=\"high\" decoding=\"async\" width=\"1080\" height=\"1440\" src=\"https:\/\/ocstagepro.com\/wp-content\/uploads\/2026\/01\/456d1af22dfbab79f9a29e8bbaad9d2b.jpg\" class=\"attachment-full size-full wp-image-140\" alt=\"\" srcset=\"https:\/\/ocstagepro.com\/wp-content\/uploads\/2026\/01\/456d1af22dfbab79f9a29e8bbaad9d2b.jpg 1080w, https:\/\/ocstagepro.com\/wp-content\/uploads\/2026\/01\/456d1af22dfbab79f9a29e8bbaad9d2b-225x300.jpg 225w, https:\/\/ocstagepro.com\/wp-content\/uploads\/2026\/01\/456d1af22dfbab79f9a29e8bbaad9d2b-768x1024.jpg 768w\" sizes=\"(max-width: 1080px) 100vw, 1080px\" \/>\t\t\t\t\t\t\t\t\t\t\t\t\t\t\t<\/div>\n\t\t\t\t<div class=\"elementor-element elementor-element-a59b6bc hostinger-ai-image hostinger-index-5 elementor-widget elementor-widget-image\" data-id=\"a59b6bc\" data-element_type=\"widget\" data-widget_type=\"image.default\">\n\t\t\t\t\t\t\t\t\t\t\t\t\t\t\t<img decoding=\"async\" width=\"1080\" height=\"1440\" src=\"https:\/\/ocstagepro.com\/wp-content\/uploads\/2026\/01\/4ddff4d0c2318e7550d2d22b8fbf5c1c.jpg\" class=\"attachment-full size-full wp-image-136\" alt=\"\" srcset=\"https:\/\/ocstagepro.com\/wp-content\/uploads\/2026\/01\/4ddff4d0c2318e7550d2d22b8fbf5c1c.jpg 1080w, https:\/\/ocstagepro.com\/wp-content\/uploads\/2026\/01\/4ddff4d0c2318e7550d2d22b8fbf5c1c-225x300.jpg 225w, https:\/\/ocstagepro.com\/wp-content\/uploads\/2026\/01\/4ddff4d0c2318e7550d2d22b8fbf5c1c-768x1024.jpg 768w\" sizes=\"(max-width: 1080px) 100vw, 1080px\" \/>\t\t\t\t\t\t\t\t\t\t\t\t\t\t\t<\/div>\n\t\t\t\t<\/div>\n\t\t\t\t\t<\/div>\n\t\t\t\t<\/div>\n\t\t<div class=\"elementor-element elementor-element-c4928f8 e-flex e-con-boxed e-con e-parent\" data-id=\"c4928f8\" data-element_type=\"container\">\n\t\t\t\t\t<div class=\"e-con-inner\">\n\t\t<div class=\"elementor-element elementor-element-0c29d62 e-con-full e-flex e-con e-child\" data-id=\"0c29d62\" data-element_type=\"container\">\n\t\t\t\t<div class=\"elementor-element elementor-element-4d60447 hostinger-ai-title elementor-widget elementor-widget-heading\" data-id=\"4d60447\" data-element_type=\"widget\" data-widget_type=\"heading.default\">\n\t\t\t\t\t<h2 class=\"elementor-heading-title elementor-size-default\">Galer\u00eda<\/h2>\t\t\t\t<\/div>\n\t\t\t\t<\/div>\n\t\t\t\t\t<\/div>\n\t\t\t\t<\/div>\n\t\t<div class=\"elementor-element elementor-element-fc09162 hostinger-ai-about-us-1 e-flex e-con-boxed e-con e-parent\" data-id=\"fc09162\" data-element_type=\"container\">\n\t\t\t\t\t<div class=\"e-con-inner\">\n\t\t<div class=\"elementor-element elementor-element-aca1fb4 image-row e-con-full e-grid e-con e-child\" data-id=\"aca1fb4\" data-element_type=\"container\">\n\t\t\t\t<div class=\"elementor-element elementor-element-9b050b9 hostinger-ai-image hostinger-index-4 elementor-widget elementor-widget-image\" data-id=\"9b050b9\" data-element_type=\"widget\" data-widget_type=\"image.default\">\n\t\t\t\t\t\t\t\t\t\t\t\t\t\t\t<img decoding=\"async\" width=\"1280\" height=\"1707\" src=\"https:\/\/ocstagepro.com\/wp-content\/uploads\/2026\/01\/568d2feddd154abaeb98f43c782a62d9.jpg\" class=\"attachment-full size-full wp-image-141\" alt=\"\" srcset=\"https:\/\/ocstagepro.com\/wp-content\/uploads\/2026\/01\/568d2feddd154abaeb98f43c782a62d9.jpg 1280w, https:\/\/ocstagepro.com\/wp-content\/uploads\/2026\/01\/568d2feddd154abaeb98f43c782a62d9-225x300.jpg 225w, https:\/\/ocstagepro.com\/wp-content\/uploads\/2026\/01\/568d2feddd154abaeb98f43c782a62d9-768x1024.jpg 768w, https:\/\/ocstagepro.com\/wp-content\/uploads\/2026\/01\/568d2feddd154abaeb98f43c782a62d9-1152x1536.jpg 1152w\" sizes=\"(max-width: 1280px) 100vw, 1280px\" \/>\t\t\t\t\t\t\t\t\t\t\t\t\t\t\t<\/div>\n\t\t\t\t<div class=\"elementor-element elementor-element-ec06f28 hostinger-ai-image hostinger-index-5 elementor-widget elementor-widget-image\" data-id=\"ec06f28\" data-element_type=\"widget\" data-widget_type=\"image.default\">\n\t\t\t\t\t\t\t\t\t\t\t\t\t\t\t<img loading=\"lazy\" decoding=\"async\" width=\"1280\" height=\"1707\" src=\"https:\/\/ocstagepro.com\/wp-content\/uploads\/2026\/01\/256d0a65b241dc9e0167719e0fe71a1d.jpg\" class=\"attachment-full size-full wp-image-139\" alt=\"\" srcset=\"https:\/\/ocstagepro.com\/wp-content\/uploads\/2026\/01\/256d0a65b241dc9e0167719e0fe71a1d.jpg 1280w, https:\/\/ocstagepro.com\/wp-content\/uploads\/2026\/01\/256d0a65b241dc9e0167719e0fe71a1d-225x300.jpg 225w, https:\/\/ocstagepro.com\/wp-content\/uploads\/2026\/01\/256d0a65b241dc9e0167719e0fe71a1d-768x1024.jpg 768w, https:\/\/ocstagepro.com\/wp-content\/uploads\/2026\/01\/256d0a65b241dc9e0167719e0fe71a1d-1152x1536.jpg 1152w\" sizes=\"(max-width: 1280px) 100vw, 1280px\" \/>\t\t\t\t\t\t\t\t\t\t\t\t\t\t\t<\/div>\n\t\t\t\t<div class=\"elementor-element elementor-element-3dd632b hostinger-ai-image hostinger-index-6 elementor-widget elementor-widget-image\" data-id=\"3dd632b\" data-element_type=\"widget\" data-widget_type=\"image.default\">\n\t\t\t\t\t\t\t\t\t\t\t\t\t\t\t<img loading=\"lazy\" decoding=\"async\" width=\"1280\" height=\"1707\" src=\"https:\/\/ocstagepro.com\/wp-content\/uploads\/2026\/01\/899b387177173570a978de8b86e6e193.jpg\" class=\"attachment-full size-full wp-image-143\" alt=\"\" srcset=\"https:\/\/ocstagepro.com\/wp-content\/uploads\/2026\/01\/899b387177173570a978de8b86e6e193.jpg 1280w, https:\/\/ocstagepro.com\/wp-content\/uploads\/2026\/01\/899b387177173570a978de8b86e6e193-225x300.jpg 225w, https:\/\/ocstagepro.com\/wp-content\/uploads\/2026\/01\/899b387177173570a978de8b86e6e193-768x1024.jpg 768w, https:\/\/ocstagepro.com\/wp-content\/uploads\/2026\/01\/899b387177173570a978de8b86e6e193-1152x1536.jpg 1152w\" sizes=\"(max-width: 1280px) 100vw, 1280px\" \/>\t\t\t\t\t\t\t\t\t\t\t\t\t\t\t<\/div>\n\t\t\t\t<div class=\"elementor-element elementor-element-d061980 hostinger-ai-image hostinger-index-7 elementor-widget elementor-widget-image\" data-id=\"d061980\" data-element_type=\"widget\" data-widget_type=\"image.default\">\n\t\t\t\t\t\t\t\t\t\t\t\t\t\t\t<img loading=\"lazy\" decoding=\"async\" width=\"1280\" height=\"1707\" src=\"https:\/\/ocstagepro.com\/wp-content\/uploads\/2026\/01\/81acacc0c53bddb64f112703d98f840e.jpg\" class=\"attachment-full size-full wp-image-138\" alt=\"\" srcset=\"https:\/\/ocstagepro.com\/wp-content\/uploads\/2026\/01\/81acacc0c53bddb64f112703d98f840e.jpg 1280w, https:\/\/ocstagepro.com\/wp-content\/uploads\/2026\/01\/81acacc0c53bddb64f112703d98f840e-225x300.jpg 225w, https:\/\/ocstagepro.com\/wp-content\/uploads\/2026\/01\/81acacc0c53bddb64f112703d98f840e-768x1024.jpg 768w, https:\/\/ocstagepro.com\/wp-content\/uploads\/2026\/01\/81acacc0c53bddb64f112703d98f840e-1152x1536.jpg 1152w\" sizes=\"(max-width: 1280px) 100vw, 1280px\" \/>\t\t\t\t\t\t\t\t\t\t\t\t\t\t\t<\/div>\n\t\t\t\t<\/div>\n\t\t\t\t\t<\/div>\n\t\t\t\t<\/div>\n\t\t<div class=\"elementor-element elementor-element-33ecba2 e-flex e-con-boxed e-con e-parent\" data-id=\"33ecba2\" data-element_type=\"container\">\n\t\t\t\t\t<div class=\"e-con-inner\">\n\t\t<div class=\"elementor-element elementor-element-7bfd3ec e-con-full e-flex e-con e-child\" data-id=\"7bfd3ec\" data-element_type=\"container\">\n\t\t\t\t<div class=\"elementor-element elementor-element-3e65cad hostinger-ai-title elementor-widget elementor-widget-heading\" data-id=\"3e65cad\" data-element_type=\"widget\" data-widget_type=\"heading.default\">\n\t\t\t\t\t<h2 class=\"elementor-heading-title elementor-size-default\">Nuestra Sede<\/h2>\t\t\t\t<\/div>\n\t\t<div class=\"elementor-element elementor-element-651ce8d e-grid e-con-full e-con e-child\" data-id=\"651ce8d\" data-element_type=\"container\">\n\t\t<div class=\"elementor-element elementor-element-7677bc6 e-con-full e-flex e-con e-child\" data-id=\"7677bc6\" data-element_type=\"container\">\n\t\t\t\t<div class=\"elementor-element elementor-element-83c7a72 hostinger-ai-title hostinger-index-1 hostinger-ai-font-bold elementor-widget elementor-widget-heading\" data-id=\"83c7a72\" data-element_type=\"widget\" data-widget_type=\"heading.default\">\n\t\t\t\t\t<h2 class=\"elementor-heading-title elementor-size-default\">Alcance Global<\/h2>\t\t\t\t<\/div>\n\t\t\t\t<div class=\"elementor-element elementor-element-dc9a6c7 elementor-widget elementor-widget-text-editor\" data-id=\"dc9a6c7\" data-element_type=\"widget\" data-widget_type=\"text-editor.default\">\n\t\t\t\t\t\t\t\t\t<p>Baiyun District, Guangzhou, Guangdong, China<\/p>\t\t\t\t\t\t\t\t<\/div>\n\t\t\t\t<\/div>\n\t\t<div class=\"elementor-element elementor-element-4d23da8 e-con-full e-flex e-con e-child\" data-id=\"4d23da8\" data-element_type=\"container\">\n\t\t\t\t<div class=\"elementor-element elementor-element-fc5d92b hostinger-ai-title hostinger-index-2 hostinger-ai-font-bold elementor-widget elementor-widget-heading\" data-id=\"fc5d92b\" data-element_type=\"widget\" data-widget_type=\"heading.default\">\n\t\t\t\t\t<h2 class=\"elementor-heading-title elementor-size-default\">Soporte Local<\/h2>\t\t\t\t<\/div>\n\t\t\t\t<div class=\"elementor-element elementor-element-1a60855 elementor-widget elementor-widget-text-editor\" data-id=\"1a60855\" data-element_type=\"widget\" data-widget_type=\"text-editor.default\">\n\t\t\t\t\t\t\t\t\t<p>9am &#8211; 6pm<\/p>\t\t\t\t\t\t\t\t<\/div>\n\t\t\t\t<\/div>\n\t\t\t\t<\/div>\n\t\t\t\t<div class=\"elementor-element elementor-element-be46c88 elementor-widget elementor-widget-html\" data-id=\"be46c88\" data-element_type=\"widget\" data-widget_type=\"html.default\">\n\t\t\t\t\t<iframe src=\"https:\/\/www.google.com\/maps\/embed?pb=!1m18!1m12!1m3!1d29330.20989152891!2d113.19951033589606!3d23.233032907681284!2m3!1f0!2f0!3f0!3m2!1i1024!2i768!4f13.1!3m3!1m2!1s0x3402fa5902f1bd8f%3A0x5ee61b6fa1516f4d!2z5Lit5Zu95bm_5Lic55yB5bm_5bee5biC55m95LqR5Yy65ruY5b-D5p2RIOmCruaUv-e8lueggTogNTEwNDMw!5e0!3m2!1szh-CN!2smx!4v1767820788956!5m2!1szh-CN!2smx\" width=\"600\" height=\"450\" style=\"border:0;\" allowfullscreen=\"\" loading=\"lazy\" referrerpolicy=\"no-referrer-when-downgrade\"><\/iframe>\t\t\t\t<\/div>\n\t\t\t\t<\/div>\n\t\t\t\t\t<\/div>\n\t\t\t\t<\/div>\n\t\t\t\t<\/div>","protected":false},"excerpt":{"rendered":"<p>About Us Ocean Stage Pro has been dedicated to professional stage lighting since 2009. With extensive experience in both the [&hellip;]<\/p>","protected":false},"author":1,"featured_media":0,"parent":0,"menu_order":0,"comment_status":"closed","ping_status":"closed","template":"","meta":{"site-sidebar-layout":"no-sidebar","site-content-layout":"","ast-site-content-layout":"full-width-container","site-content-style":"default","site-sidebar-style":"default","ast-global-header-display":"","ast-banner-title-visibility":"","ast-main-header-display":"","ast-hfb-above-header-display":"","ast-hfb-below-header-display":"","ast-hfb-mobile-header-display":"","site-post-title":"disabled","ast-breadcrumbs-content":"","ast-featured-img":"disabled","footer-sml-layout":"","ast-disable-related-posts":"","theme-transparent-header-meta":"","adv-header-id-meta":"","stick-header-meta":"","header-above-stick-meta":"","header-main-stick-meta":"","header-below-stick-meta":"","astra-migrate-meta-layouts":"default","ast-page-background-enabled":"default","ast-page-background-meta":{"desktop":{"background-color":"var(--ast-global-color-5)","background-image":"","background-repeat":"repeat","background-position":"center center","background-size":"auto","background-attachment":"scroll","background-type":"","background-media":"","overlay-type":"","overlay-color":"","overlay-opacity":"","overlay-gradient":""},"tablet":{"background-color":"","background-image":"","background-repeat":"repeat","background-position":"center center","background-size":"auto","background-attachment":"scroll","background-type":"","background-media":"","overlay-type":"","overlay-color":"","overlay-opacity":"","overlay-gradient":""},"mobile":{"background-color":"","background-image":"","background-repeat":"repeat","background-position":"center center","background-size":"auto","background-attachment":"scroll","background-type":"","background-media":"","overlay-type":"","overlay-color":"","overlay-opacity":"","overlay-gradient":""}},"ast-content-background-meta":{"desktop":{"background-color":"var(--ast-global-color-4)","background-image":"","background-repeat":"repeat","background-position":"center center","background-size":"auto","background-attachment":"scroll","background-type":"","background-media":"","overlay-type":"","overlay-color":"","overlay-opacity":"","overlay-gradient":""},"tablet":{"background-color":"var(--ast-global-color-4)","background-image":"","background-repeat":"repeat","background-position":"center center","background-size":"auto","background-attachment":"scroll","background-type":"","background-media":"","overlay-type":"","overlay-color":"","overlay-opacity":"","overlay-gradient":""},"mobile":{"background-color":"var(--ast-global-color-4)","background-image":"","background-repeat":"repeat","background-position":"center center","background-size":"auto","background-attachment":"scroll","background-type":"","background-media":"","overlay-type":"","overlay-color":"","overlay-opacity":"","overlay-gradient":""}},"footnotes":""},"class_list":["post-59","page","type-page","status-publish","hentry"],"_hostinger_reach_plugin_has_subscription_block":false,"_hostinger_reach_plugin_is_elementor":false,"_links":{"self":[{"href":"https:\/\/ocstagepro.com\/es\/wp-json\/wp\/v2\/pages\/59","targetHints":{"allow":["GET"]}}],"collection":[{"href":"https:\/\/ocstagepro.com\/es\/wp-json\/wp\/v2\/pages"}],"about":[{"href":"https:\/\/ocstagepro.com\/es\/wp-json\/wp\/v2\/types\/page"}],"author":[{"embeddable":true,"href":"https:\/\/ocstagepro.com\/es\/wp-json\/wp\/v2\/users\/1"}],"replies":[{"embeddable":true,"href":"https:\/\/ocstagepro.com\/es\/wp-json\/wp\/v2\/comments?post=59"}],"version-history":[{"count":9,"href":"https:\/\/ocstagepro.com\/es\/wp-json\/wp\/v2\/pages\/59\/revisions"}],"predecessor-version":[{"id":255,"href":"https:\/\/ocstagepro.com\/es\/wp-json\/wp\/v2\/pages\/59\/revisions\/255"}],"wp:attachment":[{"href":"https:\/\/ocstagepro.com\/es\/wp-json\/wp\/v2\/media?parent=59"}],"curies":[{"name":"wp","href":"https:\/\/api.w.org\/{rel}","templated":true}]}}