{"id":60,"date":"2026-01-06T19:23:39","date_gmt":"2026-01-06T19:23:39","guid":{"rendered":"https:\/\/ocstagepro.com\/services\/"},"modified":"2026-01-07T23:35:40","modified_gmt":"2026-01-07T23:35:40","slug":"services","status":"publish","type":"page","link":"https:\/\/ocstagepro.com\/es\/services\/","title":{"rendered":"Servicios"},"content":{"rendered":"<div data-elementor-type=\"wp-page\" data-elementor-id=\"60\" class=\"elementor elementor-60\">\n\t\t\t\t<div class=\"elementor-element elementor-element-9d262f4 hostinger-ai-our-services-4 e-flex e-con-boxed e-con e-parent\" data-id=\"9d262f4\" data-element_type=\"container\">\n\t\t\t\t\t<div class=\"e-con-inner\">\n\t\t<div class=\"elementor-element elementor-element-8c6864d e-grid e-con-full e-con e-child\" data-id=\"8c6864d\" data-element_type=\"container\">\n\t\t\t\t<div class=\"elementor-element elementor-element-48cb22a hostinger-ai-service-title elementor-widget elementor-widget-heading\" data-id=\"48cb22a\" data-element_type=\"widget\" data-widget_type=\"heading.default\">\n\t\t\t\t\t<h2 class=\"elementor-heading-title elementor-size-default\">Nuestra Calidad<\/h2>\t\t\t\t<\/div>\n\t\t\t\t<div class=\"elementor-element elementor-element-0b53cc9 hostinger-ai-service-description elementor-widget elementor-widget-heading\" data-id=\"0b53cc9\" data-element_type=\"widget\" data-widget_type=\"heading.default\">\n\t\t\t\t\t<p class=\"elementor-heading-title elementor-size-default\">Cada producto de iluminaci\u00f3n esc\u00e9nica es cuidadosamente inspeccionado y probado antes del env\u00edo para garantizar un rendimiento estable y una calidad de entrega constante. Se aplican estrictos procedimientos de control de calidad durante todo el proceso de producci\u00f3n y la inspecci\u00f3n final. Durante el per\u00edodo de garant\u00eda, brindamos soporte oportuno, incluida la provisi\u00f3n y sustituci\u00f3n de repuestos, para asegurar un funcionamiento confiable y la satisfacci\u00f3n del cliente a largo plazo.<\/p>\t\t\t\t<\/div>\n\t\t\t\t<\/div>\n\t\t<div class=\"elementor-element elementor-element-3da2cf7 e-con-full e-flex e-con e-child\" data-id=\"3da2cf7\" data-element_type=\"container\">\n\t\t\t\t<div class=\"elementor-element elementor-element-e5651c1 hostinger-ai-service-image hostinger-index-4 elementor-widget elementor-widget-image\" data-id=\"e5651c1\" data-element_type=\"widget\" data-widget_type=\"image.default\">\n\t\t\t\t\t\t\t\t\t\t\t\t\t\t\t<img fetchpriority=\"high\" decoding=\"async\" width=\"1080\" height=\"1440\" src=\"https:\/\/ocstagepro.com\/wp-content\/uploads\/2026\/01\/f0ab1ec2d926987453b079320cf2fd10.jpg\" class=\"attachment-full size-full wp-image-201\" alt=\"\" srcset=\"https:\/\/ocstagepro.com\/wp-content\/uploads\/2026\/01\/f0ab1ec2d926987453b079320cf2fd10.jpg 1080w, https:\/\/ocstagepro.com\/wp-content\/uploads\/2026\/01\/f0ab1ec2d926987453b079320cf2fd10-225x300.jpg 225w, https:\/\/ocstagepro.com\/wp-content\/uploads\/2026\/01\/f0ab1ec2d926987453b079320cf2fd10-768x1024.jpg 768w\" sizes=\"(max-width: 1080px) 100vw, 1080px\" \/>\t\t\t\t\t\t\t\t\t\t\t\t\t\t\t<\/div>\n\t\t\t\t<div class=\"elementor-element elementor-element-4c8a310 hostinger-ai-service-image hostinger-index-5 elementor-widget__width-initial elementor-widget elementor-widget-image\" data-id=\"4c8a310\" data-element_type=\"widget\" data-widget_type=\"image.default\">\n\t\t\t\t\t\t\t\t\t\t\t\t\t\t\t<img decoding=\"async\" width=\"1280\" height=\"1707\" src=\"https:\/\/ocstagepro.com\/wp-content\/uploads\/2026\/01\/578bb8995b482cead14d2fcc62f94368.jpg\" class=\"attachment-full size-full wp-image-197\" alt=\"\" srcset=\"https:\/\/ocstagepro.com\/wp-content\/uploads\/2026\/01\/578bb8995b482cead14d2fcc62f94368.jpg 1280w, https:\/\/ocstagepro.com\/wp-content\/uploads\/2026\/01\/578bb8995b482cead14d2fcc62f94368-225x300.jpg 225w, https:\/\/ocstagepro.com\/wp-content\/uploads\/2026\/01\/578bb8995b482cead14d2fcc62f94368-768x1024.jpg 768w, https:\/\/ocstagepro.com\/wp-content\/uploads\/2026\/01\/578bb8995b482cead14d2fcc62f94368-1152x1536.jpg 1152w\" sizes=\"(max-width: 1280px) 100vw, 1280px\" \/>\t\t\t\t\t\t\t\t\t\t\t\t\t\t\t<\/div>\n\t\t\t\t<\/div>\n\t\t\t\t\t<\/div>\n\t\t\t\t<\/div>\n\t\t<div class=\"elementor-element elementor-element-af9d1c2 e-flex e-con-boxed e-con e-parent\" data-id=\"af9d1c2\" data-element_type=\"container\">\n\t\t\t\t\t<div class=\"e-con-inner\">\n\t\t<div class=\"elementor-element elementor-element-279346d e-con-full e-flex e-con e-child\" data-id=\"279346d\" data-element_type=\"container\">\n\t\t\t\t<div class=\"elementor-element elementor-element-68bf98f elementor-widget__width-inherit elementor-widget elementor-widget-heading\" data-id=\"68bf98f\" data-element_type=\"widget\" data-widget_type=\"heading.default\">\n\t\t\t\t\t<h2 class=\"elementor-heading-title elementor-size-default\"><span style=\"font-size: 38px\">Nuestro Dise\u00f1o<\/span><\/h2>\t\t\t\t<\/div>\n\t\t\t\t<\/div>\n\t\t<div class=\"elementor-element elementor-element-28c8d74 e-con-full e-flex e-con e-child\" data-id=\"28c8d74\" data-element_type=\"container\">\n\t\t\t\t<div class=\"elementor-element elementor-element-41ce0b3 elementor-widget elementor-widget-heading\" data-id=\"41ce0b3\" data-element_type=\"widget\" data-widget_type=\"heading.default\">\n\t\t\t\t\t<h2 class=\"elementor-heading-title elementor-size-default\">Con capacidades de I+D internas, desarrollamos y personalizamos modelos de iluminaci\u00f3n esc\u00e9nica seg\u00fan los requisitos del cliente. Introducimos regularmente nuevos moldes y dise\u00f1os de productos para adaptarnos a las cambiantes demandas del mercado.<\/h2>\t\t\t\t<\/div>\n\t\t\t\t<\/div>\n\t\t<div class=\"elementor-element elementor-element-781e70e e-con-full e-flex e-con e-child\" data-id=\"781e70e\" data-element_type=\"container\">\n\t\t\t\t<div class=\"elementor-element elementor-element-f68811e elementor-widget elementor-widget-image\" data-id=\"f68811e\" data-element_type=\"widget\" data-widget_type=\"image.default\">\n\t\t\t\t\t\t\t\t\t\t\t\t\t\t\t<img decoding=\"async\" width=\"1024\" height=\"768\" src=\"https:\/\/ocstagepro.com\/wp-content\/uploads\/2026\/01\/8750533555b868185cf66e75e0f801fb-1024x768.png\" class=\"attachment-large size-large wp-image-203\" alt=\"\" srcset=\"https:\/\/ocstagepro.com\/wp-content\/uploads\/2026\/01\/8750533555b868185cf66e75e0f801fb-1024x768.png 1024w, https:\/\/ocstagepro.com\/wp-content\/uploads\/2026\/01\/8750533555b868185cf66e75e0f801fb-300x225.png 300w, https:\/\/ocstagepro.com\/wp-content\/uploads\/2026\/01\/8750533555b868185cf66e75e0f801fb-768x576.png 768w, https:\/\/ocstagepro.com\/wp-content\/uploads\/2026\/01\/8750533555b868185cf66e75e0f801fb-1536x1152.png 1536w, https:\/\/ocstagepro.com\/wp-content\/uploads\/2026\/01\/8750533555b868185cf66e75e0f801fb.png 1920w\" sizes=\"(max-width: 1024px) 100vw, 1024px\" \/>\t\t\t\t\t\t\t\t\t\t\t\t\t\t\t<\/div>\n\t\t\t\t<\/div>\n\t\t\t\t\t<\/div>\n\t\t\t\t<\/div>\n\t\t\t\t<\/div>","protected":false},"excerpt":{"rendered":"<p>Our Quality Every stage lighting product is thoroughly inspected and tested before shipment to ensure stable performance and consistent delivery [&hellip;]<\/p>","protected":false},"author":1,"featured_media":0,"parent":0,"menu_order":0,"comment_status":"closed","ping_status":"closed","template":"","meta":{"site-sidebar-layout":"no-sidebar","site-content-layout":"","ast-site-content-layout":"full-width-container","site-content-style":"default","site-sidebar-style":"default","ast-global-header-display":"","ast-banner-title-visibility":"disabled","ast-main-header-display":"","ast-hfb-above-header-display":"","ast-hfb-below-header-display":"","ast-hfb-mobile-header-display":"","site-post-title":"","ast-breadcrumbs-content":"","ast-featured-img":"disabled","footer-sml-layout":"","ast-disable-related-posts":"","theme-transparent-header-meta":"","adv-header-id-meta":"","stick-header-meta":"","header-above-stick-meta":"","header-main-stick-meta":"","header-below-stick-meta":"","astra-migrate-meta-layouts":"default","ast-page-background-enabled":"default","ast-page-background-meta":{"desktop":{"background-color":"var(--ast-global-color-5)","background-image":"","background-repeat":"repeat","background-position":"center center","background-size":"auto","background-attachment":"scroll","background-type":"","background-media":"","overlay-type":"","overlay-color":"","overlay-opacity":"","overlay-gradient":""},"tablet":{"background-color":"","background-image":"","background-repeat":"repeat","background-position":"center center","background-size":"auto","background-attachment":"scroll","background-type":"","background-media":"","overlay-type":"","overlay-color":"","overlay-opacity":"","overlay-gradient":""},"mobile":{"background-color":"","background-image":"","background-repeat":"repeat","background-position":"center center","background-size":"auto","background-attachment":"scroll","background-type":"","background-media":"","overlay-type":"","overlay-color":"","overlay-opacity":"","overlay-gradient":""}},"ast-content-background-meta":{"desktop":{"background-color":"var(--ast-global-color-4)","background-image":"","background-repeat":"repeat","background-position":"center center","background-size":"auto","background-attachment":"scroll","background-type":"","background-media":"","overlay-type":"","overlay-color":"","overlay-opacity":"","overlay-gradient":""},"tablet":{"background-color":"var(--ast-global-color-4)","background-image":"","background-repeat":"repeat","background-position":"center center","background-size":"auto","background-attachment":"scroll","background-type":"","background-media":"","overlay-type":"","overlay-color":"","overlay-opacity":"","overlay-gradient":""},"mobile":{"background-color":"var(--ast-global-color-4)","background-image":"","background-repeat":"repeat","background-position":"center center","background-size":"auto","background-attachment":"scroll","background-type":"","background-media":"","overlay-type":"","overlay-color":"","overlay-opacity":"","overlay-gradient":""}},"footnotes":""},"class_list":["post-60","page","type-page","status-publish","hentry"],"_hostinger_reach_plugin_has_subscription_block":false,"_hostinger_reach_plugin_is_elementor":false,"_links":{"self":[{"href":"https:\/\/ocstagepro.com\/es\/wp-json\/wp\/v2\/pages\/60","targetHints":{"allow":["GET"]}}],"collection":[{"href":"https:\/\/ocstagepro.com\/es\/wp-json\/wp\/v2\/pages"}],"about":[{"href":"https:\/\/ocstagepro.com\/es\/wp-json\/wp\/v2\/types\/page"}],"author":[{"embeddable":true,"href":"https:\/\/ocstagepro.com\/es\/wp-json\/wp\/v2\/users\/1"}],"replies":[{"embeddable":true,"href":"https:\/\/ocstagepro.com\/es\/wp-json\/wp\/v2\/comments?post=60"}],"version-history":[{"count":15,"href":"https:\/\/ocstagepro.com\/es\/wp-json\/wp\/v2\/pages\/60\/revisions"}],"predecessor-version":[{"id":252,"href":"https:\/\/ocstagepro.com\/es\/wp-json\/wp\/v2\/pages\/60\/revisions\/252"}],"wp:attachment":[{"href":"https:\/\/ocstagepro.com\/es\/wp-json\/wp\/v2\/media?parent=60"}],"curies":[{"name":"wp","href":"https:\/\/api.w.org\/{rel}","templated":true}]}}